{"id":32,"date":"2024-09-05T16:33:55","date_gmt":"2024-09-05T14:33:55","guid":{"rendered":"https:\/\/lanuitlive.fr\/?page_id=32"},"modified":"2024-11-20T18:06:10","modified_gmt":"2024-11-20T17:06:10","slug":"biographie","status":"publish","type":"page","link":"https:\/\/lanuitlive.fr\/?page_id=32","title":{"rendered":"Biographie"},"content":{"rendered":"\n<figure class=\"wp-block-image size-large\"><img loading=\"lazy\" decoding=\"async\" width=\"1024\" height=\"768\" src=\"https:\/\/lanuitlive.fr\/wp-content\/uploads\/2024\/10\/65196053_456503128495765_1840690191266742272_n-1024x768.jpg\" alt=\"\" class=\"wp-image-111\" srcset=\"https:\/\/lanuitlive.fr\/wp-content\/uploads\/2024\/10\/65196053_456503128495765_1840690191266742272_n-1024x768.jpg 1024w, https:\/\/lanuitlive.fr\/wp-content\/uploads\/2024\/10\/65196053_456503128495765_1840690191266742272_n-300x225.jpg 300w, https:\/\/lanuitlive.fr\/wp-content\/uploads\/2024\/10\/65196053_456503128495765_1840690191266742272_n-768x576.jpg 768w, https:\/\/lanuitlive.fr\/wp-content\/uploads\/2024\/10\/65196053_456503128495765_1840690191266742272_n-400x300.jpg 400w, https:\/\/lanuitlive.fr\/wp-content\/uploads\/2024\/10\/65196053_456503128495765_1840690191266742272_n.jpg 1440w\" sizes=\"auto, (max-width: 1024px) 100vw, 1024px\" \/><\/figure>\n\n\n\n<p class=\"has-text-align-center has-large-font-size\"><strong>La fi\u00e8vre des mots, l\u2019\u00e9l\u00e9gance du rock.<\/strong><\/p>\n\n\n\n<p>N\u2019avez-vous jamais r\u00eav\u00e9 de plonger au c\u0153ur d\u2019un voyage nocturne ? R\u00eaveuse, fi\u00e9vreuse, myst\u00e9rieuse et inqui\u00e9tante, La Nuit ne fait pas de concession. Elle vous cueille et vous embarque pour une aventure musicale dont vous ne sortirez pas indemne. Du cr\u00e9puscule au petit matin, La Nuit d\u00e9file et distille ses chansons rock. Les influences des cinq musiciens sont r\u00e9solument anglo-saxonnes pourtant les textes se d\u00e9clament en langue fran\u00e7aise. La po\u00e9sie de Thi\u00e9faine et la musicalit\u00e9 de Nougaro se m\u00ealent ainsi \u00e0 l\u2019urgence de Feu! Chatterton et \u00e0 l\u2019insolence des Rita Mitsouko.<\/p>\n\n\n\n<p><\/p>\n\n\n\n<p>Du spoken word aux refrains accrocheurs, le groupe joue avec les contrastes des mots et des styles musicaux pour inviter l\u2019auditeur \u00e0 explorer La Nuit dans tous ses \u00e9tats. Apr\u00e8s un premier maxi 4 titres sorti en 2019 et une s\u00e9rie de concerts, dont la premi\u00e8re partie de Christian Olivier (T\u00eates Raides), La Nuit d\u00e9voile en 2022 son premier clip Je dors, avec le com\u00e9dien manceau Aur\u00e9lien Jarry. En 2023, le titre Au milieu de la f\u00eate marque un tournant slam et annonce la nouvelle identit\u00e9 esth\u00e9tique du groupe confirm\u00e9e par le clip La Lune qui met en sc\u00e8ne, fin 2024, un road-trip urbain inqui\u00e9tant. Venez d\u00e9couvrir La Nuit sur sc\u00e8ne, elle ne vous laissera plus jamais indiff\u00e9rent.<\/p>\n\n\n\n<p><\/p>\n\n\n\n<p> <\/p>\n\n\n\n<p> <\/p>\n\n\n\n<p class=\"has-text-align-center\"><strong>Vous voulez en d\u00e9couvrir plus ou \u00e9couter les derniers morceaux de la Nuit, suivez-nous sur les plate-formes et r\u00e9seaux, par ici :<\/strong><\/p>\n\n\n<div class=\"wp-block-image is-style-default\">\n<figure class=\"aligncenter size-large is-resized\"><a href=\"https:\/\/www.instagram.com\/lanuit_officielle\/\"><img loading=\"lazy\" decoding=\"async\" width=\"1024\" height=\"1024\" src=\"https:\/\/lanuitlive.fr\/wp-content\/uploads\/2024\/11\/Instagram_icon-1024x1024.png\" alt=\"\" class=\"wp-image-179\" style=\"width:70px\" srcset=\"https:\/\/lanuitlive.fr\/wp-content\/uploads\/2024\/11\/Instagram_icon-1024x1024.png 1024w, https:\/\/lanuitlive.fr\/wp-content\/uploads\/2024\/11\/Instagram_icon-300x300.png 300w, https:\/\/lanuitlive.fr\/wp-content\/uploads\/2024\/11\/Instagram_icon-150x150.png 150w, https:\/\/lanuitlive.fr\/wp-content\/uploads\/2024\/11\/Instagram_icon-768x768.png 768w, https:\/\/lanuitlive.fr\/wp-content\/uploads\/2024\/11\/Instagram_icon-1536x1536.png 1536w, https:\/\/lanuitlive.fr\/wp-content\/uploads\/2024\/11\/Instagram_icon-2048x2048.png 2048w\" sizes=\"auto, (max-width: 1024px) 100vw, 1024px\" \/><\/a><\/figure>\n<\/div>\n\n\n<p> <\/p>\n\n\n<div class=\"wp-block-image\">\n<figure class=\"aligncenter size-full is-resized\"><a href=\"https:\/\/www.facebook.com\/lanuit.officielle\"><img loading=\"lazy\" decoding=\"async\" width=\"960\" height=\"960\" src=\"https:\/\/lanuitlive.fr\/wp-content\/uploads\/2024\/11\/Facebook_logo_square.png\" alt=\"\" class=\"wp-image-180\" style=\"width:70px\" srcset=\"https:\/\/lanuitlive.fr\/wp-content\/uploads\/2024\/11\/Facebook_logo_square.png 960w, https:\/\/lanuitlive.fr\/wp-content\/uploads\/2024\/11\/Facebook_logo_square-300x300.png 300w, https:\/\/lanuitlive.fr\/wp-content\/uploads\/2024\/11\/Facebook_logo_square-150x150.png 150w, https:\/\/lanuitlive.fr\/wp-content\/uploads\/2024\/11\/Facebook_logo_square-768x768.png 768w\" sizes=\"auto, (max-width: 960px) 100vw, 960px\" \/><\/a><\/figure>\n<\/div>\n\n\n<p><\/p>\n\n\n<div class=\"wp-block-image\">\n<figure class=\"aligncenter size-large is-resized\"><a href=\"https:\/\/open.spotify.com\/intl-fr\/artist\/1Ry24snZp8AhqX0w4lFKOK\"><img loading=\"lazy\" decoding=\"async\" width=\"1024\" height=\"576\" src=\"https:\/\/lanuitlive.fr\/wp-content\/uploads\/2024\/11\/Spotify-Logo-1024x576.png\" alt=\"\" class=\"wp-image-181\" style=\"width:100px\" srcset=\"https:\/\/lanuitlive.fr\/wp-content\/uploads\/2024\/11\/Spotify-Logo-1024x576.png 1024w, https:\/\/lanuitlive.fr\/wp-content\/uploads\/2024\/11\/Spotify-Logo-300x169.png 300w, https:\/\/lanuitlive.fr\/wp-content\/uploads\/2024\/11\/Spotify-Logo-768x432.png 768w, https:\/\/lanuitlive.fr\/wp-content\/uploads\/2024\/11\/Spotify-Logo-1536x864.png 1536w, https:\/\/lanuitlive.fr\/wp-content\/uploads\/2024\/11\/Spotify-Logo-2048x1152.png 2048w, https:\/\/lanuitlive.fr\/wp-content\/uploads\/2024\/11\/Spotify-Logo-496x279.png 496w\" sizes=\"auto, (max-width: 1024px) 100vw, 1024px\" \/><\/a><\/figure>\n<\/div>\n\n\n<p><\/p>\n\n\n<div class=\"wp-block-image\">\n<figure class=\"aligncenter size-full is-resized\"><a href=\"https:\/\/www.deezer.com\/fr\/artist\/210113957\"><img loading=\"lazy\" decoding=\"async\" width=\"512\" height=\"512\" src=\"https:\/\/lanuitlive.fr\/wp-content\/uploads\/2024\/11\/logo-deezer.png\" alt=\"\" class=\"wp-image-182\" style=\"width:70px\" srcset=\"https:\/\/lanuitlive.fr\/wp-content\/uploads\/2024\/11\/logo-deezer.png 512w, https:\/\/lanuitlive.fr\/wp-content\/uploads\/2024\/11\/logo-deezer-300x300.png 300w, https:\/\/lanuitlive.fr\/wp-content\/uploads\/2024\/11\/logo-deezer-150x150.png 150w\" sizes=\"auto, (max-width: 512px) 100vw, 512px\" \/><\/a><\/figure>\n<\/div>\n\n\n<p><\/p>\n","protected":false},"excerpt":{"rendered":"<p>La fi\u00e8vre des mots, l\u2019\u00e9l\u00e9gance du rock. N\u2019avez-vous jamais r\u00eav\u00e9 de plonger au c\u0153ur d\u2019un voyage nocturne ? R\u00eaveuse, fi\u00e9vreuse, myst\u00e9rieuse et inqui\u00e9tante, La Nuit &hellip;<\/p>\n","protected":false},"author":1,"featured_media":0,"parent":0,"menu_order":0,"comment_status":"closed","ping_status":"closed","template":"","meta":{"footnotes":""},"class_list":["post-32","page","type-page","status-publish","hentry"],"_links":{"self":[{"href":"https:\/\/lanuitlive.fr\/index.php?rest_route=\/wp\/v2\/pages\/32","targetHints":{"allow":["GET"]}}],"collection":[{"href":"https:\/\/lanuitlive.fr\/index.php?rest_route=\/wp\/v2\/pages"}],"about":[{"href":"https:\/\/lanuitlive.fr\/index.php?rest_route=\/wp\/v2\/types\/page"}],"author":[{"embeddable":true,"href":"https:\/\/lanuitlive.fr\/index.php?rest_route=\/wp\/v2\/users\/1"}],"replies":[{"embeddable":true,"href":"https:\/\/lanuitlive.fr\/index.php?rest_route=%2Fwp%2Fv2%2Fcomments&post=32"}],"version-history":[{"count":11,"href":"https:\/\/lanuitlive.fr\/index.php?rest_route=\/wp\/v2\/pages\/32\/revisions"}],"predecessor-version":[{"id":186,"href":"https:\/\/lanuitlive.fr\/index.php?rest_route=\/wp\/v2\/pages\/32\/revisions\/186"}],"wp:attachment":[{"href":"https:\/\/lanuitlive.fr\/index.php?rest_route=%2Fwp%2Fv2%2Fmedia&parent=32"}],"curies":[{"name":"wp","href":"https:\/\/api.w.org\/{rel}","templated":true}]}}